{"id":1431,"date":"2021-10-24T21:15:15","date_gmt":"2021-10-25T02:15:16","guid":{"rendered":"http:\/\/usefulmagnets.com\/?post_type=product&#038;p=1431"},"modified":"2024-07-31T14:49:04","modified_gmt":"2024-07-31T19:49:04","slug":"tailles-des-forets-de-tarauds-en-pouces-et-metriques-et-equivalents-decimaux-copy","status":"publish","type":"product","link":"https:\/\/usefulmagnets.com\/fr\/produit\/tailles-des-forets-de-tarauds-en-pouces-et-metriques-et-equivalents-decimaux-copy\/","title":{"rendered":"Tailles des forets de tarauds en pouces et m\u00e9triques et \u00e9quivalents d\u00e9cimaux (Copy)"},"content":{"rendered":"<ul>\n<li><span class=\"a-list-item\">Tableau complet des tailles de forets et de leurs \u00e9quivalents en d\u00e9cimales et en mm<\/span><\/li>\n<li>Tailles de forets de tarauds pour les tailles de tarauds en pouces de 0-80 \u00e0 2-4 1\/2 , UNC et UNF.<\/li>\n<li>Tailles des forets pour les tarauds m\u00e9triques de 1,6&#215;0,35 \u00e0 39&#215;4<\/li>\n<li>Disponible en 5 tailles<\/li>\n<\/ul>\n","protected":false},"excerpt":{"rendered":"<p>Tableau complet des tailles de forets et de leurs \u00e9quivalents en d\u00e9cimales et en mm Tailles de forets de tarauds pour les tailles de tarauds en pouces de 0-80 \u00e0 2-4 1\/2 , UNC et UNF. Tailles des forets pour les tarauds m\u00e9triques de 1,6&#215;0,35 \u00e0 39&#215;4 Disponible en 5 tailles<\/p>\n","protected":false},"featured_media":1936,"comment_status":"open","ping_status":"closed","template":"","meta":{"site-sidebar-layout":"default","site-content-layout":"default","ast-site-content-layout":"default","site-content-style":"default","site-sidebar-style":"default","ast-global-header-display":"","ast-banner-title-visibility":"","ast-main-header-display":"","ast-hfb-above-header-display":"","ast-hfb-below-header-display":"","ast-hfb-mobile-header-display":"","site-post-title":"","ast-breadcrumbs-content":"","ast-featured-img":"","footer-sml-layout":"","ast-disable-related-posts":"","theme-transparent-header-meta":"default","adv-header-id-meta":"","stick-header-meta":"default","header-above-stick-meta":"","header-main-stick-meta":"","header-below-stick-meta":"","astra-migrate-meta-layouts":"set","ast-page-background-enabled":"default","ast-page-background-meta":{"desktop":{"background-color":"var(--ast-global-color-4)","background-image":"","background-repeat":"repeat","background-position":"center center","background-size":"auto","background-attachment":"scroll","background-type":"","background-media":"","overlay-type":"","overlay-color":"","overlay-opacity":"","overlay-gradient":""},"tablet":{"background-color":"","background-image":"","background-repeat":"repeat","background-position":"center center","background-size":"auto","background-attachment":"scroll","background-type":"","background-media":"","overlay-type":"","overlay-color":"","overlay-opacity":"","overlay-gradient":""},"mobile":{"background-color":"","background-image":"","background-repeat":"repeat","background-position":"center center","background-size":"auto","background-attachment":"scroll","background-type":"","background-media":"","overlay-type":"","overlay-color":"","overlay-opacity":"","overlay-gradient":""}},"ast-content-background-meta":{"desktop":{"background-color":"var(--ast-global-color-5)","background-image":"","background-repeat":"repeat","background-position":"center center","background-size":"auto","background-attachment":"scroll","background-type":"","background-media":"","overlay-type":"","overlay-color":"","overlay-opacity":"","overlay-gradient":""},"tablet":{"background-color":"var(--ast-global-color-5)","background-image":"","background-repeat":"repeat","background-position":"center center","background-size":"auto","background-attachment":"scroll","background-type":"","background-media":"","overlay-type":"","overlay-color":"","overlay-opacity":"","overlay-gradient":""},"mobile":{"background-color":"var(--ast-global-color-5)","background-image":"","background-repeat":"repeat","background-position":"center center","background-size":"auto","background-attachment":"scroll","background-type":"","background-media":"","overlay-type":"","overlay-color":"","overlay-opacity":"","overlay-gradient":""}}},"product_brand":[],"product_cat":[82],"product_tag":[260,259,261,249,262,263,254,244],"class_list":{"0":"post-1431","1":"product","2":"type-product","3":"status-publish","4":"has-post-thumbnail","6":"product_cat-tableaux-des-tailles-de-forets","7":"product_tag-flexible-magnet-fr","8":"product_tag-flexible-magnetic-sheet-fr","9":"product_tag-magnet-sheet-fr","10":"product_tag-magnetic-chart-fr","11":"product_tag-magnetic-sheet-fr","12":"product_tag-posters-fr","13":"product_tag-useful-charts-fr","14":"product_tag-waterproof-charts-fr","15":"desktop-align-left","16":"tablet-align-left","17":"mobile-align-left","18":"ast-product-gallery-layout-horizontal-slider","19":"ast-product-single-variable","20":"ast-product-tabs-layout-horizontal","22":"first","23":"instock","24":"taxable","25":"shipping-taxable","26":"product-type-variable","27":"has-default-attributes"},"_links":{"self":[{"href":"https:\/\/usefulmagnets.com\/fr\/wp-json\/wp\/v2\/product\/1431","targetHints":{"allow":["GET"]}}],"collection":[{"href":"https:\/\/usefulmagnets.com\/fr\/wp-json\/wp\/v2\/product"}],"about":[{"href":"https:\/\/usefulmagnets.com\/fr\/wp-json\/wp\/v2\/types\/product"}],"replies":[{"embeddable":true,"href":"https:\/\/usefulmagnets.com\/fr\/wp-json\/wp\/v2\/comments?post=1431"}],"wp:featuredmedia":[{"embeddable":true,"href":"https:\/\/usefulmagnets.com\/fr\/wp-json\/wp\/v2\/media\/1936"}],"wp:attachment":[{"href":"https:\/\/usefulmagnets.com\/fr\/wp-json\/wp\/v2\/media?parent=1431"}],"wp:term":[{"taxonomy":"product_brand","embeddable":true,"href":"https:\/\/usefulmagnets.com\/fr\/wp-json\/wp\/v2\/product_brand?post=1431"},{"taxonomy":"product_cat","embeddable":true,"href":"https:\/\/usefulmagnets.com\/fr\/wp-json\/wp\/v2\/product_cat?post=1431"},{"taxonomy":"product_tag","embeddable":true,"href":"https:\/\/usefulmagnets.com\/fr\/wp-json\/wp\/v2\/product_tag?post=1431"}],"curies":[{"name":"wp","href":"https:\/\/api.w.org\/{rel}","templated":true}]}}