{"id":1234,"date":"2021-10-16T20:21:44","date_gmt":"2021-10-17T01:21:44","guid":{"rendered":"http:\/\/usefulmagnets.com\/politique-de-confidentialite\/"},"modified":"2021-10-16T20:21:46","modified_gmt":"2021-10-17T01:21:46","slug":"politique-de-confidentialite","status":"publish","type":"page","link":"https:\/\/usefulmagnets.com\/fr\/politique-de-confidentialite\/","title":{"rendered":"Politique de confidentialit\u00e9"},"content":{"rendered":"\n<h2 class=\"wp-block-heading\"><\/h2>\n\n<ol class=\"wp-block-list\"><li>EXP\u00c9DITION<\/li><\/ol>\n\n<p>Si Usefulmagnets.com (\u00ab\u00a0nous\u00a0\u00bb) a votre produit (s) en stock, nous vous enverrons un avis d&rsquo;exp\u00e9dition confirmant que les articles ont \u00e9t\u00e9 exp\u00e9di\u00e9s et sont en route pour vous ou, dans le cas des commandes livr\u00e9es, un avis de livraison sp\u00e9ciale confirmant la date de livraison pr\u00e9vue ; que l&rsquo;avis d&rsquo;exp\u00e9dition ou de livraison sp\u00e9ciale, selon le cas, est notre acceptation de votre commande. Les commandes en stock (\u00e0 l&rsquo;exception des articles \u00e0 livraison programm\u00e9e) sont normalement exp\u00e9di\u00e9es dans les 3 \u00e0 5 jours ouvrables suivant la passation de votre commande. Les commandes en rupture de stock seront exp\u00e9di\u00e9es d\u00e8s que l&rsquo;article sera \u00e0 nouveau en stock. Le d\u00e9lai de r\u00e9ception du ou des produits d\u00e9pend de la m\u00e9thode d&rsquo;exp\u00e9dition que vous avez choisie.<\/p>\n\n<ol class=\"wp-block-list\" start=\"2\"><li>PR\u00c9 COMMANDES<\/li><\/ol>\n\n<p>Les dates de sortie des produits peuvent parfois changer sans pr\u00e9avis ni responsabilit\u00e9. Si vous avez pr\u00e9command\u00e9 un produit, nous l&rsquo;exp\u00e9dierons d\u00e8s que possible apr\u00e8s sa date de sortie d\u00e9finitive, qui peut \u00eatre diff\u00e9rente de la date initiale annonc\u00e9e.<\/p>\n\n<ol class=\"wp-block-list\" start=\"3\"><li>VENTES COMMERCIALES<\/li><\/ol>\n\n<p>Usefulmagnets.com se r\u00e9serve le droit de limiter les quantit\u00e9s disponibles \u00e0 la vente ou vendues.<br\/>Pour les ventes commerciales, veuillez nous contacter pour discuter des besoins de votre entreprise.<\/p>\n\n<p>4.ODERS \/ COMPTES<\/p>\n\n<p>Dans les limites autoris\u00e9es par la loi, nous nous r\u00e9servons le droit, \u00e0 tout moment, de rejeter, de corriger, d&rsquo;annuler ou de r\u00e9silier toute commande ou tout compte pour quelque raison que ce soit. Si le prix d&rsquo;un produit que vous commandez a \u00e9t\u00e9 incorrectement affich\u00e9 sur notre site Web, nous vous donnerons la possibilit\u00e9 de passer une commande au prix correct.<\/p>\n\n<ol class=\"wp-block-list\" start=\"5\"><li>ANNULATIONS<\/li><\/ol>\n\n<p>Si vous souhaitez annuler une commande, vous pouvez le faire en nous appelant ou en envoyant un courriel \u00e0 support@usefulmagnets.com. Toutefois, il se peut que nous ne recevions pas et ne traitions pas votre demande d&rsquo;annulation avant d&rsquo;accepter votre commande, auquel cas votre demande d&rsquo;annulation peut ne pas \u00eatre effective. Si, pour une raison quelconque, vous n&rsquo;\u00eates pas enti\u00e8rement satisfait d&rsquo;un produit que vous avez achet\u00e9, vous pouvez le retourner conform\u00e9ment \u00e0 notre politique de remboursement et de retour.<\/p>\n\n<ol class=\"wp-block-list\" start=\"6\"><li>L&rsquo;EXACTITUDE DES INFORMATIONS FOURNIES<\/li><\/ol>\n\n<p>Nous nous appuyons sur les informations que vous fournissez par le biais du site Web, y compris les informations d&rsquo;enregistrement (nom et adresse \u00e9lectronique), les informations de paiement (num\u00e9ros de carte de cr\u00e9dit et dates d&rsquo;expiration) et les informations relatives aux transactions, qui doivent \u00eatre vraies, exactes, actuelles et compl\u00e8tes. Vous serez seul responsable de toute perte, de tout dommage et de tout co\u00fbt suppl\u00e9mentaire que vous, nous ou toute autre personne pourrions subir en raison de la soumission d&rsquo;informations fausses, incorrectes ou incompl\u00e8tes ou de votre incapacit\u00e9 \u00e0 mettre \u00e0 jour vos informations d&rsquo;enregistrement et de paiement dans les 30 jours suivant tout changement.<\/p>\n\n<ol class=\"wp-block-list\" start=\"7\"><li>AUTORISATION D&rsquo;UTILISER LE SITE WEB<\/li><\/ol>\n\n<p>Vous ne pouvez utiliser le site web que si vous avez atteint l&rsquo;\u00e2ge de la majorit\u00e9 dans votre pays de r\u00e9sidence et si vous pouvez former des contrats juridiquement contraignants en vertu de la loi applicable. Vous ne pouvez pas utiliser le site Web si vous vivez dans une juridiction o\u00f9 l&rsquo;acc\u00e8s ou l&rsquo;utilisation du site Web ou de toute partie de celui-ci peut \u00eatre ill\u00e9gal ou interdit. Il est de votre seule responsabilit\u00e9 de d\u00e9terminer si votre utilisation du site Web est l\u00e9gale, et vous devez vous conformer \u00e0 toutes les lois applicables. UsefulMagnets.com se r\u00e9serve le droit de demander une preuve d&rsquo;identification et de l&rsquo;\u00e2ge (par exemple, la preuve de votre capacit\u00e9 \u00e0 acheter certains jeux).<\/p>\n\n<ol class=\"wp-block-list\" start=\"8\"><li>MODIFICATIONS DU PR\u00c9SENT ACCORD<\/li><\/ol>\n\n<p>UsefulMagnets.com peut, \u00e0 sa seule discr\u00e9tion, modifier cet accord de temps \u00e0 autre en ce qui concerne l&rsquo;utilisation future du site Web, en affichant un accord r\u00e9vis\u00e9 sur le site Web. En utilisant le site Web apr\u00e8s la publication de cet accord r\u00e9vis\u00e9, vous signifiez votre acceptation et votre accord d&rsquo;\u00eatre li\u00e9 par l&rsquo;accord r\u00e9vis\u00e9. Vous ne pouvez pas modifier le pr\u00e9sent accord de quelque mani\u00e8re que ce soit.<\/p>\n\n<ol class=\"wp-block-list\" start=\"9\"><li>PROPRI\u00c9T\u00c9 ET UTILISATION AUTORIS\u00c9E DU SITE WEB<\/li><\/ol>\n\n<p>Le site Web (y compris tout le contenu, les en-t\u00eates de page, les graphiques personnalis\u00e9s, les ic\u00f4nes de boutons, et les scripts et la pr\u00e9sentation, l&rsquo;arrangement, la coordination, l&rsquo;am\u00e9lioration et la s\u00e9lection de ces et d&rsquo;autres informations en texte, graphique, vid\u00e9o et audio, images, ic\u00f4nes, logiciels, dessins, applications, donn\u00e9es, et d&rsquo;autres \u00e9l\u00e9ments disponibles sur ou \u00e0 travers le site Web) est la propri\u00e9t\u00e9 de UsefulMagnets.com, et est prot\u00e9g\u00e9 par le droit d&rsquo;auteur canadien et international, les marques et autres lois. Votre utilisation du site web ne vous transf\u00e8re aucun droit de propri\u00e9t\u00e9 ou autre sur le site web ou son contenu. Le site web est mis \u00e0 votre disposition pour votre usage l\u00e9gal et personnel uniquement. Vous pouvez utiliser le site web uniquement de la mani\u00e8re d\u00e9crite express\u00e9ment dans le pr\u00e9sent accord et sous r\u00e9serve de toutes les lois applicables. L&rsquo;utilisation du site web \u00e0 toute autre fin ou de toute autre mani\u00e8re est strictement interdite.<\/p>\n\n<p>Vous pouvez imprimer les pages du site Web \u00e0 condition de ne modifier aucune de ces pages et de ne pas supprimer ou alt\u00e9rer les identifications, marques, avis ou clauses de non-responsabilit\u00e9 visibles ou non. Le site Web et son contenu ne peut \u00eatre copi\u00e9, imit\u00e9, reproduit, republi\u00e9, t\u00e9l\u00e9charg\u00e9, post\u00e9, transmis, modifi\u00e9, index\u00e9, catalogu\u00e9, miroir ou distribu\u00e9 en aucune fa\u00e7on, en tout ou en partie, sans le consentement pr\u00e9alable \u00e9crit de UsefulMagnets.com. Il vous est interdit de vendre ou de revendre toute partie du site Web ou l&rsquo;acc\u00e8s au site Web. Vous ne pouvez utiliser aucun des logiciels utilis\u00e9s pour le fonctionnement ou la fourniture du site Web, sauf lorsque vous utilisez le site Web conform\u00e9ment au pr\u00e9sent accord.<\/p>\n","protected":false},"excerpt":{"rendered":"<p>EXP\u00c9DITION Si Usefulmagnets.com (\u00ab\u00a0nous\u00a0\u00bb) a votre produit (s) en stock, nous vous enverrons un avis d&rsquo;exp\u00e9dition confirmant que les articles ont \u00e9t\u00e9 exp\u00e9di\u00e9s et sont en route pour vous ou, dans le cas des commandes livr\u00e9es, un avis de livraison sp\u00e9ciale confirmant la date de livraison pr\u00e9vue ; que l&rsquo;avis d&rsquo;exp\u00e9dition ou de livraison sp\u00e9ciale, [&hellip;]<\/p>\n","protected":false},"author":1,"featured_media":0,"parent":0,"menu_order":0,"comment_status":"closed","ping_status":"open","template":"","meta":{"site-sidebar-layout":"no-sidebar","site-content-layout":"default","ast-site-content-layout":"default","site-content-style":"default","site-sidebar-style":"default","ast-global-header-display":"","ast-banner-title-visibility":"","ast-main-header-display":"","ast-hfb-above-header-display":"","ast-hfb-below-header-display":"","ast-hfb-mobile-header-display":"","site-post-title":"","ast-breadcrumbs-content":"","ast-featured-img":"","footer-sml-layout":"","ast-disable-related-posts":"","theme-transparent-header-meta":"default","adv-header-id-meta":"","stick-header-meta":"default","header-above-stick-meta":"","header-main-stick-meta":"","header-below-stick-meta":"","astra-migrate-meta-layouts":"default","ast-page-background-enabled":"default","ast-page-background-meta":{"desktop":{"background-color":"var(--ast-global-color-4)","background-image":"","background-repeat":"repeat","background-position":"center center","background-size":"auto","background-attachment":"scroll","background-type":"","background-media":"","overlay-type":"","overlay-color":"","overlay-opacity":"","overlay-gradient":""},"tablet":{"background-color":"","background-image":"","background-repeat":"repeat","background-position":"center center","background-size":"auto","background-attachment":"scroll","background-type":"","background-media":"","overlay-type":"","overlay-color":"","overlay-opacity":"","overlay-gradient":""},"mobile":{"background-color":"","background-image":"","background-repeat":"repeat","background-position":"center center","background-size":"auto","background-attachment":"scroll","background-type":"","background-media":"","overlay-type":"","overlay-color":"","overlay-opacity":"","overlay-gradient":""}},"ast-content-background-meta":{"desktop":{"background-color":"var(--ast-global-color-5)","background-image":"","background-repeat":"repeat","background-position":"center center","background-size":"auto","background-attachment":"scroll","background-type":"","background-media":"","overlay-type":"","overlay-color":"","overlay-opacity":"","overlay-gradient":""},"tablet":{"background-color":"var(--ast-global-color-5)","background-image":"","background-repeat":"repeat","background-position":"center center","background-size":"auto","background-attachment":"scroll","background-type":"","background-media":"","overlay-type":"","overlay-color":"","overlay-opacity":"","overlay-gradient":""},"mobile":{"background-color":"var(--ast-global-color-5)","background-image":"","background-repeat":"repeat","background-position":"center center","background-size":"auto","background-attachment":"scroll","background-type":"","background-media":"","overlay-type":"","overlay-color":"","overlay-opacity":"","overlay-gradient":""}},"footnotes":""},"class_list":["post-1234","page","type-page","status-publish","hentry"],"_links":{"self":[{"href":"https:\/\/usefulmagnets.com\/fr\/wp-json\/wp\/v2\/pages\/1234","targetHints":{"allow":["GET"]}}],"collection":[{"href":"https:\/\/usefulmagnets.com\/fr\/wp-json\/wp\/v2\/pages"}],"about":[{"href":"https:\/\/usefulmagnets.com\/fr\/wp-json\/wp\/v2\/types\/page"}],"author":[{"embeddable":true,"href":"https:\/\/usefulmagnets.com\/fr\/wp-json\/wp\/v2\/users\/1"}],"replies":[{"embeddable":true,"href":"https:\/\/usefulmagnets.com\/fr\/wp-json\/wp\/v2\/comments?post=1234"}],"version-history":[{"count":0,"href":"https:\/\/usefulmagnets.com\/fr\/wp-json\/wp\/v2\/pages\/1234\/revisions"}],"wp:attachment":[{"href":"https:\/\/usefulmagnets.com\/fr\/wp-json\/wp\/v2\/media?parent=1234"}],"curies":[{"name":"wp","href":"https:\/\/api.w.org\/{rel}","templated":true}]}}