{"id":1224,"date":"2021-10-16T20:21:26","date_gmt":"2021-10-17T01:21:26","guid":{"rendered":"http:\/\/usefulmagnets.com\/politique-de-remboursement-et-de-retour\/"},"modified":"2021-10-16T20:21:27","modified_gmt":"2021-10-17T01:21:27","slug":"politique-de-remboursement-et-de-retour","status":"publish","type":"page","link":"https:\/\/usefulmagnets.com\/fr\/politique-de-remboursement-et-de-retour\/","title":{"rendered":"Politique de remboursement et de retour"},"content":{"rendered":"\n<p><\/p><h3>Overview<\/h3>\n\n<p>Notre politique de remboursement et de retour dure 30 jours. Si 30 jours se sont \u00e9coul\u00e9s depuis votre achat, nous ne pouvons pas vous offrir un remboursement complet ou un \u00e9change.<\/p>\n\n<p>Pour \u00eatre admissible \u00e0 un retour, votre article doit \u00eatre inutilis\u00e9 et dans le m\u00eame \u00e9tat que celui dans lequel vous l&rsquo;avez re\u00e7u. Il doit \u00e9galement \u00eatre dans son emballage d&rsquo;origine.<\/p>\n\n<p>Plusieurs types de produits ne peuvent pas \u00eatre retourn\u00e9s ou rembours\u00e9s :<\/p>\n\n<ul class=\"wp-block-list\"><li>Produits personnalis\u00e9s<\/li><li>Produits personnalis\u00e9s par le client<\/li><li>Produits modifi\u00e9s par le client<\/li><\/ul>\n\n<p>Pour compl\u00e9ter votre retour, nous avons besoin d&rsquo;un re\u00e7u ou d&rsquo;une preuve d&rsquo;achat. Il n&rsquo;y aura aucun remboursement ou \u00e9change d&rsquo;articles sans le re\u00e7u original.<\/p>\n\n<p>Dans certaines situations, seuls des remboursements partiels sont accord\u00e9s :<\/p>\n\n<ul class=\"wp-block-list\"><li>Tout article qui n&rsquo;est pas dans son \u00e9tat d&rsquo;origine, qui est endommag\u00e9 ou auquel il manque des pi\u00e8ces pour des raisons qui ne sont pas dues \u00e0 notre erreur.<\/li><li>Tout article retourn\u00e9 plus de 30 jours apr\u00e8s la livraison.<\/li><\/ul>\n\n<p><\/p><h2>Refunds<\/h2>\n\n<p>Une fois votre retour re\u00e7u et inspect\u00e9, nous vous enverrons un courriel pour vous informer que nous avons re\u00e7u votre article retourn\u00e9. Nous vous informerons \u00e9galement de l&rsquo;approbation ou du rejet de votre remboursement.<\/p>\n\n<p>Si votre demande est accept\u00e9e, votre remboursement sera trait\u00e9 et un cr\u00e9dit sera automatiquement appliqu\u00e9 \u00e0 votre carte de cr\u00e9dit ou \u00e0 votre mode de paiement initial, dans un d\u00e9lai de quelques jours.<\/p>\n\n<p><b>Remboursements tardifs ou manquants<\/b><\/p>\n\n<p>Si vous n&rsquo;avez pas encore re\u00e7u de remboursement, v\u00e9rifiez d&rsquo;abord \u00e0 nouveau votre compte bancaire.<\/p>\n\n<p>Contactez ensuite la soci\u00e9t\u00e9 \u00e9mettrice de votre carte de cr\u00e9dit. Il peut s&rsquo;\u00e9couler un certain temps avant que votre remboursement ne soit officiellement affich\u00e9.<\/p>\n\n<p>Contactez ensuite votre banque. Il y a souvent un certain temps de traitement avant qu&rsquo;un remboursement soit affich\u00e9.<\/p>\n\n<p>Si vous avez fait tout cela et que vous n&rsquo;avez toujours pas re\u00e7u votre remboursement, veuillez nous contacter \u00e0 l&rsquo;adresse support@usefulmagnets.com.<\/p>\n\n<p><b>Articles en solde<\/b><\/p>\n\n<p>Seuls les articles \u00e0 prix normal peuvent \u00eatre rembours\u00e9s. Les articles en vente finale ne peuvent \u00eatre rembours\u00e9s.<\/p>\n\n<p><\/p><h2>Exchanges<\/h2>\n\n<p>Nous ne rempla\u00e7ons les articles que s&rsquo;ils sont d\u00e9fectueux ou endommag\u00e9s. Si vous souhaitez l&rsquo;\u00e9changer contre le m\u00eame article, envoyez-nous un courriel \u00e0 support@usefulmagnets.com.<\/p>\n\n<p><\/p><h2>Gifts<\/h2>\n\n<p>Si l&rsquo;article \u00e9tait marqu\u00e9 comme un cadeau lors de l&rsquo;achat et qu&rsquo;il vous a \u00e9t\u00e9 exp\u00e9di\u00e9 directement, vous recevrez un cr\u00e9dit cadeau correspondant \u00e0 la valeur de votre retour. D\u00e8s r\u00e9ception de l&rsquo;article retourn\u00e9, un bon cadeau vous sera envoy\u00e9 par courrier.<\/p>\n\n<p>Si l&rsquo;article n&rsquo;\u00e9tait pas marqu\u00e9 comme cadeau au moment de l&rsquo;achat, ou si la personne qui a fait le cadeau s&rsquo;est fait exp\u00e9dier la commande pour vous la donner plus tard, nous enverrons un remboursement \u00e0 la personne qui a fait le cadeau et elle sera inform\u00e9e de votre retour.<\/p>\n\n<p><\/p><h2>Shipping returns<\/h2>\n\n<p>Pour retourner votre produit, vous devez l&rsquo;envoyer par courrier \u00e0 l&rsquo;adresse de notre bureau.<\/p>\n\n<p>Vous serez responsable du paiement de vos propres frais d&rsquo;exp\u00e9dition pour le retour de votre article. Les frais d&rsquo;exp\u00e9dition ne sont pas remboursables. Si vous recevez un remboursement, les frais de retour seront d\u00e9duits de votre remboursement.<\/p>\n\n<p>Le d\u00e9lai de livraison de votre produit \u00e9chang\u00e9 peut varier en fonction de votre lieu de r\u00e9sidence.<\/p>\n\n<p>Si vous retournez des articles plus chers, vous pouvez envisager d&rsquo;utiliser un service d&rsquo;exp\u00e9dition avec suivi ou de souscrire une assurance exp\u00e9dition. Nous ne garantissons pas que nous recevrons votre article retourn\u00e9.<\/p>\n\n<p><\/p><h2>Need help?<\/h2>\n\n<p>Contactez-nous \u00e0 l&rsquo;adresse support@usefulmagnets.com pour toute question relative aux remboursements et aux retours.<\/p>\n","protected":false},"excerpt":{"rendered":"<p>Overview Notre politique de remboursement et de retour dure 30 jours. Si 30 jours se sont \u00e9coul\u00e9s depuis votre achat, nous ne pouvons pas vous offrir un remboursement complet ou un \u00e9change. Pour \u00eatre admissible \u00e0 un retour, votre article doit \u00eatre inutilis\u00e9 et dans le m\u00eame \u00e9tat que celui dans lequel vous l&rsquo;avez re\u00e7u. [&hellip;]<\/p>\n","protected":false},"author":1,"featured_media":0,"parent":0,"menu_order":0,"comment_status":"closed","ping_status":"closed","template":"","meta":{"site-sidebar-layout":"no-sidebar","site-content-layout":"default","ast-site-content-layout":"default","site-content-style":"default","site-sidebar-style":"default","ast-global-header-display":"","ast-banner-title-visibility":"","ast-main-header-display":"","ast-hfb-above-header-display":"","ast-hfb-below-header-display":"","ast-hfb-mobile-header-display":"","site-post-title":"","ast-breadcrumbs-content":"","ast-featured-img":"","footer-sml-layout":"","ast-disable-related-posts":"","theme-transparent-header-meta":"default","adv-header-id-meta":"","stick-header-meta":"default","header-above-stick-meta":"","header-main-stick-meta":"","header-below-stick-meta":"","astra-migrate-meta-layouts":"default","ast-page-background-enabled":"default","ast-page-background-meta":{"desktop":{"background-color":"var(--ast-global-color-4)","background-image":"","background-repeat":"repeat","background-position":"center center","background-size":"auto","background-attachment":"scroll","background-type":"","background-media":"","overlay-type":"","overlay-color":"","overlay-opacity":"","overlay-gradient":""},"tablet":{"background-color":"","background-image":"","background-repeat":"repeat","background-position":"center center","background-size":"auto","background-attachment":"scroll","background-type":"","background-media":"","overlay-type":"","overlay-color":"","overlay-opacity":"","overlay-gradient":""},"mobile":{"background-color":"","background-image":"","background-repeat":"repeat","background-position":"center center","background-size":"auto","background-attachment":"scroll","background-type":"","background-media":"","overlay-type":"","overlay-color":"","overlay-opacity":"","overlay-gradient":""}},"ast-content-background-meta":{"desktop":{"background-color":"var(--ast-global-color-5)","background-image":"","background-repeat":"repeat","background-position":"center center","background-size":"auto","background-attachment":"scroll","background-type":"","background-media":"","overlay-type":"","overlay-color":"","overlay-opacity":"","overlay-gradient":""},"tablet":{"background-color":"var(--ast-global-color-5)","background-image":"","background-repeat":"repeat","background-position":"center center","background-size":"auto","background-attachment":"scroll","background-type":"","background-media":"","overlay-type":"","overlay-color":"","overlay-opacity":"","overlay-gradient":""},"mobile":{"background-color":"var(--ast-global-color-5)","background-image":"","background-repeat":"repeat","background-position":"center center","background-size":"auto","background-attachment":"scroll","background-type":"","background-media":"","overlay-type":"","overlay-color":"","overlay-opacity":"","overlay-gradient":""}},"footnotes":""},"class_list":["post-1224","page","type-page","status-publish","hentry"],"_links":{"self":[{"href":"https:\/\/usefulmagnets.com\/fr\/wp-json\/wp\/v2\/pages\/1224","targetHints":{"allow":["GET"]}}],"collection":[{"href":"https:\/\/usefulmagnets.com\/fr\/wp-json\/wp\/v2\/pages"}],"about":[{"href":"https:\/\/usefulmagnets.com\/fr\/wp-json\/wp\/v2\/types\/page"}],"author":[{"embeddable":true,"href":"https:\/\/usefulmagnets.com\/fr\/wp-json\/wp\/v2\/users\/1"}],"replies":[{"embeddable":true,"href":"https:\/\/usefulmagnets.com\/fr\/wp-json\/wp\/v2\/comments?post=1224"}],"version-history":[{"count":0,"href":"https:\/\/usefulmagnets.com\/fr\/wp-json\/wp\/v2\/pages\/1224\/revisions"}],"wp:attachment":[{"href":"https:\/\/usefulmagnets.com\/fr\/wp-json\/wp\/v2\/media?parent=1224"}],"curies":[{"name":"wp","href":"https:\/\/api.w.org\/{rel}","templated":true}]}}